{"id":2167,"date":"2015-03-12T14:52:34","date_gmt":"2015-03-12T14:52:34","guid":{"rendered":"http:\/\/demo-content.kaliumtheme.com\/photography\/?page_id=2167"},"modified":"2018-12-01T00:01:46","modified_gmt":"2018-11-30T23:01:46","slug":"o-mnie","status":"publish","type":"page","link":"http:\/\/sfotografuje.to\/","title":{"rendered":"O mnie"},"content":{"rendered":"<p>[vc_row full_width=&#8221;stretch_row_content&#8221; full_height=&#8221;yes&#8221; no_bottom_margin=&#8221;yes&#8221; css=&#8221;.vc_custom_1532189912146{background-image: url(http:\/\/sfotografuje.to\/wp-content\/uploads\/2018\/07\/rafal_cwenk_20170606_132648.jpg?id=8) !important;background-position: center !important;background-repeat: no-repeat !important;background-size: cover !important;}&#8221;][vc_column width=&#8221;1\/6&#8243; reveal_effect=&#8221;&#8221;][\/vc_column][vc_column parallax=&#8221;content-moving&#8221; width=&#8221;2\/3&#8243; reveal_effect=&#8221;&#8221; css=&#8221;.vc_custom_1532190343166{padding-right: 50px !important;padding-left: 50px !important;}&#8221; el_class=&#8221;about-container&#8221;][vc_column_text]<\/p>\n<h1 style=\"text-align: center; letter-spacing: 2px; line-height: 30px;\"><span style=\"color: #ffffff;\">Rafa\u0142 Cwenk<\/span><br \/>\n<small style=\"color: #ffffff; letter-spacing: 4px; font-size: 12px;\">Fotograf<\/small><\/h1>\n<p>&nbsp;<\/p>\n<p style=\"text-align: center;\"><strong><span style=\"color: #ffffff;\">Utrwalam niekreowane obrazy, skupiaj\u0105c si\u0119 na ludziach, relacjach, emocjach. Specjalizuj\u0119 si\u0119 w reporta\u017cu, opowiadam historie kt\u00f3re za kilka lat b\u0119d\u0105 \u017ar\u00f3d\u0142em wspomnie\u0144 i wzrusze\u0144. Zale\u017cy mi aby nasza wsp\u00f3\u0142praca by\u0142a pasjonuj\u0105cym spotkaniem po kt\u00f3rym zostan\u0105 albumy i odbitki &#8211; uwa\u017cam, \u017ce fotografia wymaga drukowanej formy.<span class=\"Apple-converted-space\">\u00a0<\/span><\/span><\/strong><\/p>\n<p style=\"text-align: center;\"><strong><span style=\"color: #ffffff;\">Nazywam si\u0119 Rafa\u0142 Cwenk i sfotografuje.to dla Ciebie \ud83d\ude42<\/span><\/strong><\/p>\n<p>[\/vc_column_text][lab_vc_social_networks display_type=&#8221;rounded-icons&#8221; colored=&#8221;text&#8221; el_class=&#8221;social-networks rounded&#8221;][\/vc_column][vc_column width=&#8221;1\/6&#8243;][\/vc_column][\/vc_row]<\/p>\n","protected":false},"excerpt":{"rendered":"<p>[vc_row full_width=&#8221;stretch_row_content&#8221; full_height=&#8221;yes&#8221; no_bottom_margin=&#8221;yes&#8221; css=&#8221;.vc_custom_1532189912146{background-image: url(http:\/\/sfotografuje.to\/wp-content\/uploads\/2018\/07\/rafal_cwenk_20170606_132648.jpg?id=8) !important;background-position: center !important;background-repeat: no-repeat !important;background-size: cover !important;}&#8221;][vc_column width=&#8221;1\/6&#8243; reveal_effect=&#8221;&#8221;][\/vc_column][vc_column parallax=&#8221;content-moving&#8221; width=&#8221;2\/3&#8243; reveal_effect=&#8221;&#8221; css=&#8221;.vc_custom_1532190343166{padding-right: 50px !important;padding-left: 50px !important;}&#8221; el_class=&#8221;about-container&#8221;][vc_column_text] Rafa\u0142 Cwenk Fotograf &nbsp; Utrwalam niekreowane obrazy, skupiaj\u0105c si\u0119 na ludziach, relacjach, emocjach. Specjalizuj\u0119 si\u0119 w reporta\u017cu, opowiadam historie kt\u00f3re za kilka lat b\u0119d\u0105 \u017ar\u00f3d\u0142em wspomnie\u0144 i wzrusze\u0144. Zale\u017cy mi aby&hellip;<\/p>\n","protected":false},"author":1,"featured_media":0,"parent":0,"menu_order":0,"comment_status":"open","ping_status":"closed","template":"","meta":[],"_links":{"self":[{"href":"http:\/\/sfotografuje.to\/index.php\/wp-json\/wp\/v2\/pages\/2167"}],"collection":[{"href":"http:\/\/sfotografuje.to\/index.php\/wp-json\/wp\/v2\/pages"}],"about":[{"href":"http:\/\/sfotografuje.to\/index.php\/wp-json\/wp\/v2\/types\/page"}],"author":[{"embeddable":true,"href":"http:\/\/sfotografuje.to\/index.php\/wp-json\/wp\/v2\/users\/1"}],"replies":[{"embeddable":true,"href":"http:\/\/sfotografuje.to\/index.php\/wp-json\/wp\/v2\/comments?post=2167"}],"version-history":[{"count":41,"href":"http:\/\/sfotografuje.to\/index.php\/wp-json\/wp\/v2\/pages\/2167\/revisions"}],"predecessor-version":[{"id":4519,"href":"http:\/\/sfotografuje.to\/index.php\/wp-json\/wp\/v2\/pages\/2167\/revisions\/4519"}],"wp:attachment":[{"href":"http:\/\/sfotografuje.to\/index.php\/wp-json\/wp\/v2\/media?parent=2167"}],"curies":[{"name":"wp","href":"https:\/\/api.w.org\/{rel}","templated":true}]}}