{"id":2261,"date":"2015-03-12T16:17:44","date_gmt":"2015-03-12T16:17:44","guid":{"rendered":"http:\/\/demo-content.kaliumtheme.com\/photography\/?page_id=2261"},"modified":"2019-10-24T16:44:56","modified_gmt":"2019-10-24T14:44:56","slug":"contact","status":"publish","type":"page","link":"http:\/\/sfotografuje.to\/index.php\/contact\/","title":{"rendered":"Kontakt"},"content":{"rendered":"<p>[vc_row css=&#8221;.vc_custom_1532189656409{padding-top: 30px !important;background-position: center !important;background-repeat: no-repeat !important;background-size: cover !important;}&#8221;][vc_column width=&#8221;2\/3&#8243; reveal_effect=&#8221;&#8221; css=&#8221;.vc_custom_1532189831494{margin-bottom: 30px !important;}&#8221;][lab_text_autotype typed_text=&#8221;<\/p>\n<h3>Poznajmy si\u0119, *Cze\u015b\u0107!;Hi!;Salut!;\u60a8\u597d!;Merhaba!;Ciao!;\u0627\u0644\u0639\u0631\u0628\u064a\u0629!;Ahoj!;Tung!;Hello!; Dzie\u0144 Dobry!*<\/h3>\n<p>&#8221; typed_show_options=&#8221;yes&#8221; typed_options_cursorchar=&#8221;&#8221; typed_options_typespeed=&#8221;100&#8243; typed_options_backspeed=&#8221;100&#8243; typed_options_startdelay=&#8221;100&#8243; css=&#8221;.vc_custom_1543619969902{margin-top: 0px !important;padding-top: 0px !important;}&#8221;][vc_column_text css=&#8221;.vc_custom_1543432264540{padding-right: 40px !important;background-color: #ffffff !important;}&#8221;]Wierz\u0119, \u017ce niebawem sfotografuje.to dla Ciebie. Daj zna\u0107, kiedy i gdzie planujesz swoje wydarzenie, opowiedz mi prosz\u0119 czego oczekujesz. Odezw\u0119 si\u0119 aby doprecyzowa\u0107 szczeg\u00f3\u0142y.[\/vc_column_text][\/vc_column][vc_column width=&#8221;1\/3&#8243; reveal_effect=&#8221;&#8221; css=&#8221;.vc_custom_1449224809312{padding-top: 20px !important;}&#8221;][vc_column_text]<\/p>\n<h3 style=\"text-align: left;\">Kontakt<\/h3>\n<p style=\"text-align: left;\"><strong>E:<\/strong>\u00a0<a href=\"mailto:rafal@sfotografuje.to\">rafal@sfotografuje.to<\/a><\/p>\n<p style=\"text-align: left;\"><strong>T:<\/strong> <a href=\"tel:+48 660 118 118\">+48 660 118 118<\/a><\/p>\n<p>Aleja Jana Paw\u0142a II 27<\/p>\n<p>00-867 Warszawa[\/vc_column_text][\/vc_column][\/vc_row][vc_row][vc_column][lab_contact_form name_title=&#8221;Imi\u0119:&#8221; message_title=&#8221;Wiadomo\u015b\u0107:&#8221; show_subject_field=&#8221;&#8221; submit_title=&#8221;Wy\u015blij&#8221; submit_success=&#8221;Dzi\u0119kuj\u0119 #, wiadomo\u015b\u0107 wys\u0142ana!&#8221; alert_errors=&#8221;yes&#8221; enable_recaptcha=&#8221;yes&#8221; css=&#8221;.vc_custom_1532067324177{background-position: center !important;background-repeat: no-repeat !important;background-size: cover !important;}&#8221; email_receiver=&#8221;rafal@sfotografuje.to&#8221;][\/vc_column][\/vc_row]<\/p>\n","protected":false},"excerpt":{"rendered":"<p>[vc_row css=&#8221;.vc_custom_1532189656409{padding-top: 30px !important;background-position: center !important;background-repeat: no-repeat !important;background-size: cover !important;}&#8221;][vc_column width=&#8221;2\/3&#8243; reveal_effect=&#8221;&#8221; css=&#8221;.vc_custom_1532189831494{margin-bottom: 30px !important;}&#8221;][lab_text_autotype typed_text=&#8221; Poznajmy si\u0119, *Cze\u015b\u0107!;Hi!;Salut!;\u60a8\u597d!;Merhaba!;Ciao!;\u0627\u0644\u0639\u0631\u0628\u064a\u0629!;Ahoj!;Tung!;Hello!; Dzie\u0144 Dobry!* &#8221; typed_show_options=&#8221;yes&#8221; typed_options_cursorchar=&#8221;&#8221; typed_options_typespeed=&#8221;100&#8243; typed_options_backspeed=&#8221;100&#8243; typed_options_startdelay=&#8221;100&#8243; css=&#8221;.vc_custom_1543619969902{margin-top: 0px !important;padding-top: 0px !important;}&#8221;][vc_column_text css=&#8221;.vc_custom_1543432264540{padding-right: 40px !important;background-color: #ffffff !important;}&#8221;]Wierz\u0119, \u017ce niebawem sfotografuje.to dla Ciebie. Daj zna\u0107, kiedy i gdzie planujesz swoje wydarzenie, opowiedz mi prosz\u0119 czego oczekujesz.&hellip;<\/p>\n","protected":false},"author":1,"featured_media":0,"parent":0,"menu_order":0,"comment_status":"open","ping_status":"closed","template":"","meta":[],"_links":{"self":[{"href":"http:\/\/sfotografuje.to\/index.php\/wp-json\/wp\/v2\/pages\/2261"}],"collection":[{"href":"http:\/\/sfotografuje.to\/index.php\/wp-json\/wp\/v2\/pages"}],"about":[{"href":"http:\/\/sfotografuje.to\/index.php\/wp-json\/wp\/v2\/types\/page"}],"author":[{"embeddable":true,"href":"http:\/\/sfotografuje.to\/index.php\/wp-json\/wp\/v2\/users\/1"}],"replies":[{"embeddable":true,"href":"http:\/\/sfotografuje.to\/index.php\/wp-json\/wp\/v2\/comments?post=2261"}],"version-history":[{"count":74,"href":"http:\/\/sfotografuje.to\/index.php\/wp-json\/wp\/v2\/pages\/2261\/revisions"}],"predecessor-version":[{"id":4575,"href":"http:\/\/sfotografuje.to\/index.php\/wp-json\/wp\/v2\/pages\/2261\/revisions\/4575"}],"wp:attachment":[{"href":"http:\/\/sfotografuje.to\/index.php\/wp-json\/wp\/v2\/media?parent=2261"}],"curies":[{"name":"wp","href":"https:\/\/api.w.org\/{rel}","templated":true}]}}